{"id":2460,"date":"2022-07-05T16:47:40","date_gmt":"2022-07-05T16:47:40","guid":{"rendered":"https:\/\/alsafirhc.com\/notre-histoire\/"},"modified":"2022-10-30T09:22:21","modified_gmt":"2022-10-30T09:22:21","slug":"notre-histoire","status":"publish","type":"page","link":"https:\/\/alsafirhc.com\/fr\/notre-histoire\/","title":{"rendered":"Notre histoire"},"content":{"rendered":"\t\t<div data-elementor-type=\"wp-page\" data-elementor-id=\"2460\" class=\"elementor elementor-2460 elementor-892\">\n\t\t\t\t\t\t\t\t\t<section data-particle_enable=\"false\" data-particle-mobile-disabled=\"false\" class=\"elementor-section elementor-top-section elementor-element elementor-element-7f48555 elementor-section-full_width elementor-section-height-min-height elementor-section-stretched elementor-section-height-default elementor-section-items-middle\" data-id=\"7f48555\" data-element_type=\"section\" data-settings=\"{&quot;stretch_section&quot;:&quot;section-stretched&quot;,&quot;background_background&quot;:&quot;classic&quot;,&quot;jet_parallax_layout_list&quot;:[]}\">\n\t\t\t\t\t\t<div class=\"elementor-container elementor-column-gap-default\">\n\t\t\t\t\t<div class=\"elementor-column elementor-col-100 elementor-top-column elementor-element elementor-element-f3e58fc\" data-id=\"f3e58fc\" data-element_type=\"column\">\n\t\t\t<div class=\"elementor-widget-wrap\">\n\t\t\t\t\t\t\t\t\t<\/div>\n\t\t<\/div>\n\t\t\t\t\t\t\t<\/div>\n\t\t<\/section>\n\t\t\t\t<section data-particle_enable=\"false\" data-particle-mobile-disabled=\"false\" class=\"elementor-section elementor-top-section elementor-element elementor-element-b73889e elementor-section-boxed elementor-section-height-default elementor-section-height-default\" data-id=\"b73889e\" data-element_type=\"section\" data-settings=\"{&quot;background_background&quot;:&quot;classic&quot;,&quot;jet_parallax_layout_list&quot;:[]}\">\n\t\t\t\t\t\t<div class=\"elementor-container elementor-column-gap-default\">\n\t\t\t\t\t<div class=\"elementor-column elementor-col-100 elementor-top-column elementor-element elementor-element-015f18f\" data-id=\"015f18f\" data-element_type=\"column\">\n\t\t\t<div class=\"elementor-widget-wrap elementor-element-populated\">\n\t\t\t\t\t\t\t\t<div class=\"elementor-element elementor-element-74d8418 elementor-widget elementor-widget-heading\" data-id=\"74d8418\" data-element_type=\"widget\" data-widget_type=\"heading.default\">\n\t\t\t\t<div class=\"elementor-widget-container\">\n\t\t\t<style>\/*! elementor - v3.10.2 - 29-01-2023 *\/\n.elementor-heading-title{padding:0;margin:0;line-height:1}.elementor-widget-heading .elementor-heading-title[class*=elementor-size-]>a{color:inherit;font-size:inherit;line-height:inherit}.elementor-widget-heading .elementor-heading-title.elementor-size-small{font-size:15px}.elementor-widget-heading .elementor-heading-title.elementor-size-medium{font-size:19px}.elementor-widget-heading .elementor-heading-title.elementor-size-large{font-size:29px}.elementor-widget-heading .elementor-heading-title.elementor-size-xl{font-size:39px}.elementor-widget-heading .elementor-heading-title.elementor-size-xxl{font-size:59px}<\/style><h2 class=\"elementor-heading-title elementor-size-default\">Centre Al Sapphire<\/h2>\t\t<\/div>\n\t\t\t\t<\/div>\n\t\t\t\t<div class=\"elementor-element elementor-element-3272a48 elementor-widget elementor-widget-text-editor\" data-id=\"3272a48\" data-element_type=\"widget\" data-widget_type=\"text-editor.default\">\n\t\t\t\t<div class=\"elementor-widget-container\">\n\t\t\t<style>\/*! elementor - v3.10.2 - 29-01-2023 *\/\n.elementor-widget-text-editor.elementor-drop-cap-view-stacked .elementor-drop-cap{background-color:#818a91;color:#fff}.elementor-widget-text-editor.elementor-drop-cap-view-framed .elementor-drop-cap{color:#818a91;border:3px solid;background-color:transparent}.elementor-widget-text-editor:not(.elementor-drop-cap-view-default) .elementor-drop-cap{margin-top:8px}.elementor-widget-text-editor:not(.elementor-drop-cap-view-default) .elementor-drop-cap-letter{width:1em;height:1em}.elementor-widget-text-editor .elementor-drop-cap{float:right;text-align:center;line-height:1;font-size:50px}.elementor-widget-text-editor .elementor-drop-cap-letter{display:inline-block}<\/style>\t\t\t\t<span style=\"font-size:25px\"><strong>Il s&rsquo;agit d&rsquo;un centre sp\u00e9cialis\u00e9 dans la r\u00e9alisation d&rsquo;op\u00e9rations de greffe de cheveux et offrant des solutions de traitement permanentes avec une garantie \u00e0 vie.<\/strong><\/span><br>\nLe centre Al Sapphire est \u00e9tabli \u00e0 Istanbul, en Turquie, et comprend du personnel m\u00e9dical turc et une expertise caract\u00e9ris\u00e9e par l&rsquo;efficacit\u00e9 et la qualit\u00e9. En plus<br>\nde notre pr\u00e9sence \u00e0 Bagdad, en Irak, et dans la capitale de la Jordanie, Amman, elle<br>\nfournit \u00e9galement des services \u00e0 Istanbul. Notre objectif est d&rsquo;\u00eatre pr\u00e9sent dans les nouvelles villes arabes \u00e0 l&rsquo;avenir. En outre,<br>\nnous fournissons des services de tourisme de sant\u00e9 et d&rsquo;h\u00f4tellerie avec les meilleurs services de tourisme m\u00e9dical \u00e0 Istanbul.\t\t\t\t\t\t<\/div>\n\t\t\t\t<\/div>\n\t\t\t\t<section data-particle_enable=\"false\" data-particle-mobile-disabled=\"false\" class=\"elementor-section elementor-inner-section elementor-element elementor-element-5d11950 elementor-section-boxed elementor-section-height-default elementor-section-height-default\" data-id=\"5d11950\" data-element_type=\"section\" data-settings=\"{&quot;jet_parallax_layout_list&quot;:[]}\">\n\t\t\t\t\t\t<div class=\"elementor-container elementor-column-gap-default\">\n\t\t\t\t\t<div class=\"elementor-column elementor-col-25 elementor-inner-column elementor-element elementor-element-e7da5a7\" data-id=\"e7da5a7\" data-element_type=\"column\">\n\t\t\t<div class=\"elementor-widget-wrap elementor-element-populated\">\n\t\t\t\t\t\t\t\t<div class=\"elementor-element elementor-element-a73c8ca elementor-widget elementor-widget-image\" data-id=\"a73c8ca\" data-element_type=\"widget\" data-widget_type=\"image.default\">\n\t\t\t\t<div class=\"elementor-widget-container\">\n\t\t\t<style>\/*! elementor - v3.10.2 - 29-01-2023 *\/\n.elementor-widget-image{text-align:center}.elementor-widget-image a{display:inline-block}.elementor-widget-image a img[src$=\".svg\"]{width:48px}.elementor-widget-image img{vertical-align:middle;display:inline-block}<\/style>\t\t\t\t\t\t\t\t\t\t\t\t<img width=\"830\" height=\"762\" src=\"https:\/\/alsafirhc.com\/wp-content\/uploads\/2022\/08\/certf-02.png\" class=\"attachment-large size-large wp-image-1665\" alt=\"\" srcset=\"https:\/\/alsafirhc.com\/wp-content\/uploads\/2022\/08\/certf-02.png 830w, https:\/\/alsafirhc.com\/wp-content\/uploads\/2022\/08\/certf-02-300x275.png 300w, https:\/\/alsafirhc.com\/wp-content\/uploads\/2022\/08\/certf-02-768x705.png 768w\" sizes=\"(max-width: 830px) 100vw, 830px\" \/>\t\t\t\t\t\t\t\t\t\t\t\t\t\t\t<\/div>\n\t\t\t\t<\/div>\n\t\t\t\t\t<\/div>\n\t\t<\/div>\n\t\t\t\t<div class=\"elementor-column elementor-col-25 elementor-inner-column elementor-element elementor-element-3d23826\" data-id=\"3d23826\" data-element_type=\"column\">\n\t\t\t<div class=\"elementor-widget-wrap elementor-element-populated\">\n\t\t\t\t\t\t\t\t<div class=\"elementor-element elementor-element-b3b20f1 elementor-widget elementor-widget-image\" data-id=\"b3b20f1\" data-element_type=\"widget\" data-widget_type=\"image.default\">\n\t\t\t\t<div class=\"elementor-widget-container\">\n\t\t\t\t\t\t\t\t\t\t\t\t\t\t\t<img width=\"830\" height=\"762\" src=\"https:\/\/alsafirhc.com\/wp-content\/uploads\/2022\/08\/certf-03.png\" class=\"attachment-large size-large wp-image-1663\" alt=\"\" srcset=\"https:\/\/alsafirhc.com\/wp-content\/uploads\/2022\/08\/certf-03.png 830w, https:\/\/alsafirhc.com\/wp-content\/uploads\/2022\/08\/certf-03-300x275.png 300w, https:\/\/alsafirhc.com\/wp-content\/uploads\/2022\/08\/certf-03-768x705.png 768w\" sizes=\"(max-width: 830px) 100vw, 830px\" \/>\t\t\t\t\t\t\t\t\t\t\t\t\t\t\t<\/div>\n\t\t\t\t<\/div>\n\t\t\t\t\t<\/div>\n\t\t<\/div>\n\t\t\t\t<div class=\"elementor-column elementor-col-25 elementor-inner-column elementor-element elementor-element-9d978ea\" data-id=\"9d978ea\" data-element_type=\"column\">\n\t\t\t<div class=\"elementor-widget-wrap elementor-element-populated\">\n\t\t\t\t\t\t\t\t<div class=\"elementor-element elementor-element-aa5316e elementor-widget elementor-widget-image\" data-id=\"aa5316e\" data-element_type=\"widget\" data-widget_type=\"image.default\">\n\t\t\t\t<div class=\"elementor-widget-container\">\n\t\t\t\t\t\t\t\t\t\t\t\t\t\t\t<img width=\"199\" height=\"183\" src=\"https:\/\/alsafirhc.com\/wp-content\/uploads\/2022\/08\/certf2.png\" class=\"attachment-large size-large wp-image-1664\" alt=\"\" \/>\t\t\t\t\t\t\t\t\t\t\t\t\t\t\t<\/div>\n\t\t\t\t<\/div>\n\t\t\t\t\t<\/div>\n\t\t<\/div>\n\t\t\t\t<div class=\"elementor-column elementor-col-25 elementor-inner-column elementor-element elementor-element-7fbe99f\" data-id=\"7fbe99f\" data-element_type=\"column\">\n\t\t\t<div class=\"elementor-widget-wrap elementor-element-populated\">\n\t\t\t\t\t\t\t\t<div class=\"elementor-element elementor-element-cf6030a elementor-widget elementor-widget-image\" data-id=\"cf6030a\" data-element_type=\"widget\" data-widget_type=\"image.default\">\n\t\t\t\t<div class=\"elementor-widget-container\">\n\t\t\t\t\t\t\t\t\t\t\t\t\t\t\t<img width=\"199\" height=\"183\" src=\"https:\/\/alsafirhc.com\/wp-content\/uploads\/2022\/08\/certf.png\" class=\"attachment-large size-large wp-image-1666\" alt=\"\" \/>\t\t\t\t\t\t\t\t\t\t\t\t\t\t\t<\/div>\n\t\t\t\t<\/div>\n\t\t\t\t\t<\/div>\n\t\t<\/div>\n\t\t\t\t\t\t\t<\/div>\n\t\t<\/section>\n\t\t\t\t\t<\/div>\n\t\t<\/div>\n\t\t\t\t\t\t\t<\/div>\n\t\t<\/section>\n\t\t\t\t\t\t\t<\/div>\n\t\t","protected":false},"excerpt":{"rendered":"<p>Centre Al Sapphire Il s&rsquo;agit d&rsquo;un centre sp\u00e9cialis\u00e9 dans la r\u00e9alisation d&rsquo;op\u00e9rations de greffe de cheveux et offrant des solutions de traitement permanentes avec une garantie \u00e0 vie. Le centre Al Sapphire est \u00e9tabli \u00e0 Istanbul, en Turquie, et comprend du personnel m\u00e9dical turc et une expertise caract\u00e9ris\u00e9e par l&rsquo;efficacit\u00e9 et la qualit\u00e9. En plus &hellip;<\/p>\n<p class=\"read-more\"> <a class=\"\" href=\"https:\/\/alsafirhc.com\/fr\/notre-histoire\/\"> <span class=\"screen-reader-text\">Notre histoire<\/span> Lire la suite\u00a0\u00bb<\/a><\/p>\n","protected":false},"author":2,"featured_media":0,"parent":0,"menu_order":0,"comment_status":"closed","ping_status":"closed","template":"","meta":{"_coblocks_attr":"","_coblocks_dimensions":"","_coblocks_responsive_height":"","_coblocks_accordion_ie_support":"","om_disable_all_campaigns":false,"_mi_skip_tracking":false,"site-sidebar-layout":"no-sidebar","site-content-layout":"page-builder","ast-global-header-display":"","ast-main-header-display":"","ast-hfb-above-header-display":"","ast-hfb-below-header-display":"","ast-hfb-mobile-header-display":"","site-post-title":"disabled","ast-breadcrumbs-content":"","ast-featured-img":"disabled","footer-sml-layout":"","theme-transparent-header-meta":"default","adv-header-id-meta":"","stick-header-meta":"","header-above-stick-meta":"","header-main-stick-meta":"","header-below-stick-meta":""},"aioseo_notices":[],"_links":{"self":[{"href":"https:\/\/alsafirhc.com\/fr\/wp-json\/wp\/v2\/pages\/2460"}],"collection":[{"href":"https:\/\/alsafirhc.com\/fr\/wp-json\/wp\/v2\/pages"}],"about":[{"href":"https:\/\/alsafirhc.com\/fr\/wp-json\/wp\/v2\/types\/page"}],"author":[{"embeddable":true,"href":"https:\/\/alsafirhc.com\/fr\/wp-json\/wp\/v2\/users\/2"}],"replies":[{"embeddable":true,"href":"https:\/\/alsafirhc.com\/fr\/wp-json\/wp\/v2\/comments?post=2460"}],"version-history":[{"count":0,"href":"https:\/\/alsafirhc.com\/fr\/wp-json\/wp\/v2\/pages\/2460\/revisions"}],"wp:attachment":[{"href":"https:\/\/alsafirhc.com\/fr\/wp-json\/wp\/v2\/media?parent=2460"}],"curies":[{"name":"wp","href":"https:\/\/api.w.org\/{rel}","templated":true}]}}