{"id":2468,"date":"2022-07-22T17:58:03","date_gmt":"2022-07-22T17:58:03","guid":{"rendered":"https:\/\/alsafirhc.com\/greffe-de-cheveux\/technique-de-greffe-de-cheveux-al-sapphire\/"},"modified":"2022-10-30T09:36:34","modified_gmt":"2022-10-30T09:36:34","slug":"technique-de-greffe-de-cheveux-al-sapphire","status":"publish","type":"page","link":"https:\/\/alsafirhc.com\/fr\/greffe-de-cheveux\/technique-de-greffe-de-cheveux-al-sapphire\/","title":{"rendered":"Technique de greffe de cheveux Al Sapphire"},"content":{"rendered":"\t\t<div data-elementor-type=\"wp-page\" data-elementor-id=\"2468\" class=\"elementor elementor-2468 elementor-1354\">\n\t\t\t\t\t\t\t\t\t<section data-particle_enable=\"false\" data-particle-mobile-disabled=\"false\" class=\"elementor-section elementor-top-section elementor-element elementor-element-5ba2de7 elementor-section-full_width elementor-section-stretched elementor-section-height-min-height elementor-section-height-default elementor-section-items-middle\" data-id=\"5ba2de7\" data-element_type=\"section\" data-settings=\"{&quot;background_background&quot;:&quot;classic&quot;,&quot;stretch_section&quot;:&quot;section-stretched&quot;,&quot;jet_parallax_layout_list&quot;:[]}\">\n\t\t\t\t\t\t<div class=\"elementor-container elementor-column-gap-default\">\n\t\t\t\t\t<div class=\"elementor-column elementor-col-100 elementor-top-column elementor-element elementor-element-4f31ffa\" data-id=\"4f31ffa\" data-element_type=\"column\">\n\t\t\t<div class=\"elementor-widget-wrap elementor-element-populated\">\n\t\t\t\t\t\t\t\t<section data-particle_enable=\"false\" data-particle-mobile-disabled=\"false\" class=\"elementor-section elementor-inner-section elementor-element elementor-element-e625c1e elementor-section-full_width elementor-section-height-default elementor-section-height-default\" data-id=\"e625c1e\" data-element_type=\"section\" data-settings=\"{&quot;jet_parallax_layout_list&quot;:[]}\">\n\t\t\t\t\t\t<div class=\"elementor-container elementor-column-gap-default\">\n\t\t\t\t\t<div class=\"elementor-column elementor-col-50 elementor-inner-column elementor-element elementor-element-427cb3d\" data-id=\"427cb3d\" data-element_type=\"column\">\n\t\t\t<div class=\"elementor-widget-wrap elementor-element-populated\">\n\t\t\t\t\t\t\t\t<div class=\"elementor-element elementor-element-ccb446d elementor-widget__width-auto elementor-widget elementor-widget-image\" data-id=\"ccb446d\" data-element_type=\"widget\" data-widget_type=\"image.default\">\n\t\t\t\t<div class=\"elementor-widget-container\">\n\t\t\t<style>\/*! elementor - v3.10.2 - 29-01-2023 *\/\n.elementor-widget-image{text-align:center}.elementor-widget-image a{display:inline-block}.elementor-widget-image a img[src$=\".svg\"]{width:48px}.elementor-widget-image img{vertical-align:middle;display:inline-block}<\/style>\t\t\t\t\t\t\t\t\t\t\t\t\t<a href=\"https:\/\/alsafirhc.com\/front\/\">\n\t\t\t\t\t\t\t<img width=\"121\" height=\"171\" src=\"https:\/\/alsafirhc.com\/wp-content\/uploads\/2022\/07\/Group-705-min.png\" class=\"attachment-large size-large wp-image-821\" alt=\"\" \/>\t\t\t\t\t\t\t\t<\/a>\n\t\t\t\t\t\t\t\t\t\t\t\t\t\t\t<\/div>\n\t\t\t\t<\/div>\n\t\t\t\t\t<\/div>\n\t\t<\/div>\n\t\t\t\t<div class=\"elementor-column elementor-col-50 elementor-inner-column elementor-element elementor-element-3ccb916\" data-id=\"3ccb916\" data-element_type=\"column\">\n\t\t\t<div class=\"elementor-widget-wrap elementor-element-populated\">\n\t\t\t\t\t\t\t\t<div class=\"elementor-element elementor-element-769ef90 elementor-widget__width-auto elementor-view-default elementor-widget elementor-widget-icon\" data-id=\"769ef90\" data-element_type=\"widget\" data-widget_type=\"icon.default\">\n\t\t\t\t<div class=\"elementor-widget-container\">\n\t\t\t\t\t<div class=\"elementor-icon-wrapper\">\n\t\t\t<a class=\"elementor-icon\" href=\"https:\/\/alsafirhc.com\/%d8%b2%d8%b1%d8%a7%d8%b9%d8%a9-%d8%a7%d9%84%d8%b4%d8%b9%d8%b1\/\">\n\t\t\t<i aria-hidden=\"true\" class=\"fas fa-arrow-left\"><\/i>\t\t\t<\/a>\n\t\t<\/div>\n\t\t\t\t<\/div>\n\t\t\t\t<\/div>\n\t\t\t\t\t<\/div>\n\t\t<\/div>\n\t\t\t\t\t\t\t<\/div>\n\t\t<\/section>\n\t\t\t\t<section data-particle_enable=\"false\" data-particle-mobile-disabled=\"false\" class=\"elementor-section elementor-inner-section elementor-element elementor-element-7315f07 elementor-section-boxed elementor-section-height-default elementor-section-height-default\" data-id=\"7315f07\" data-element_type=\"section\" data-settings=\"{&quot;jet_parallax_layout_list&quot;:[]}\">\n\t\t\t\t\t\t<div class=\"elementor-container elementor-column-gap-default\">\n\t\t\t\t\t<div class=\"elementor-column elementor-col-50 elementor-inner-column elementor-element elementor-element-c392778\" data-id=\"c392778\" data-element_type=\"column\">\n\t\t\t<div class=\"elementor-widget-wrap elementor-element-populated\">\n\t\t\t\t\t\t\t\t<div class=\"elementor-element elementor-element-3ab9331 elementor-widget elementor-widget-heading\" data-id=\"3ab9331\" data-element_type=\"widget\" data-widget_type=\"heading.default\">\n\t\t\t\t<div class=\"elementor-widget-container\">\n\t\t\t<style>\/*! elementor - v3.10.2 - 29-01-2023 *\/\n.elementor-heading-title{padding:0;margin:0;line-height:1}.elementor-widget-heading .elementor-heading-title[class*=elementor-size-]>a{color:inherit;font-size:inherit;line-height:inherit}.elementor-widget-heading .elementor-heading-title.elementor-size-small{font-size:15px}.elementor-widget-heading .elementor-heading-title.elementor-size-medium{font-size:19px}.elementor-widget-heading .elementor-heading-title.elementor-size-large{font-size:29px}.elementor-widget-heading .elementor-heading-title.elementor-size-xl{font-size:39px}.elementor-widget-heading .elementor-heading-title.elementor-size-xxl{font-size:59px}<\/style><h2 class=\"elementor-heading-title elementor-size-default\">Technique de greffe de cheveux Al Sapphire <\/h2>\t\t<\/div>\n\t\t\t\t<\/div>\n\t\t\t\t<div class=\"elementor-element elementor-element-ff858e0 elementor-widget elementor-widget-text-editor\" data-id=\"ff858e0\" data-element_type=\"widget\" data-widget_type=\"text-editor.default\">\n\t\t\t\t<div class=\"elementor-widget-container\">\n\t\t\t<style>\/*! elementor - v3.10.2 - 29-01-2023 *\/\n.elementor-widget-text-editor.elementor-drop-cap-view-stacked .elementor-drop-cap{background-color:#818a91;color:#fff}.elementor-widget-text-editor.elementor-drop-cap-view-framed .elementor-drop-cap{color:#818a91;border:3px solid;background-color:transparent}.elementor-widget-text-editor:not(.elementor-drop-cap-view-default) .elementor-drop-cap{margin-top:8px}.elementor-widget-text-editor:not(.elementor-drop-cap-view-default) .elementor-drop-cap-letter{width:1em;height:1em}.elementor-widget-text-editor .elementor-drop-cap{float:right;text-align:center;line-height:1;font-size:50px}.elementor-widget-text-editor .elementor-drop-cap-letter{display:inline-block}<\/style>\t\t\t\t<p>La technique du Al Sapphire commence \u00e0 s&rsquo;exprimer comme une technologie tr\u00e8s diff\u00e9rente, gr\u00e2ce \u00e0 la petite pierre de Al Sapphire pointue, qui repose principalement sur la pointe d&rsquo;un stylo tr\u00e8s d\u00e9licat. Les m\u00eames caract\u00e9ristiques et les m\u00eames prix, et c&rsquo;est peut-\u00eatre la raison pour laquelle le patient subit une greffe de cheveux. Ils Al Sapphire que la technique de l&rsquo;ambassadeur soit la bonne pour eux.<\/p>\t\t\t\t\t\t<\/div>\n\t\t\t\t<\/div>\n\t\t\t\t\t<\/div>\n\t\t<\/div>\n\t\t\t\t<div class=\"elementor-column elementor-col-50 elementor-inner-column elementor-element elementor-element-a78ddac\" data-id=\"a78ddac\" data-element_type=\"column\">\n\t\t\t<div class=\"elementor-widget-wrap elementor-element-populated\">\n\t\t\t\t\t\t\t\t<div class=\"elementor-element elementor-element-835409b elementor-widget elementor-widget-image\" data-id=\"835409b\" data-element_type=\"widget\" data-widget_type=\"image.default\">\n\t\t\t\t<div class=\"elementor-widget-container\">\n\t\t\t\t\t\t\t\t\t\t\t\t\t\t\t<img width=\"768\" height=\"1024\" src=\"https:\/\/alsafirhc.com\/wp-content\/uploads\/2022\/07\/IMG-20220726-WA0178-768x1024.jpg\" class=\"attachment-large size-large wp-image-1606\" alt=\"\" srcset=\"https:\/\/alsafirhc.com\/wp-content\/uploads\/2022\/07\/IMG-20220726-WA0178-768x1024.jpg 768w, https:\/\/alsafirhc.com\/wp-content\/uploads\/2022\/07\/IMG-20220726-WA0178-225x300.jpg 225w, https:\/\/alsafirhc.com\/wp-content\/uploads\/2022\/07\/IMG-20220726-WA0178-1152x1536.jpg 1152w, https:\/\/alsafirhc.com\/wp-content\/uploads\/2022\/07\/IMG-20220726-WA0178.jpg 1200w\" sizes=\"(max-width: 768px) 100vw, 768px\" \/>\t\t\t\t\t\t\t\t\t\t\t\t\t\t\t<\/div>\n\t\t\t\t<\/div>\n\t\t\t\t<div class=\"elementor-element elementor-element-cae13bd elementor-align-center elementor-widget elementor-widget-button\" data-id=\"cae13bd\" data-element_type=\"widget\" data-widget_type=\"button.default\">\n\t\t\t\t<div class=\"elementor-widget-container\">\n\t\t\t\t\t<div class=\"elementor-button-wrapper\">\n\t\t\t<a href=\"https:\/\/wa.link\/dx0pl4\" target=\"_blank\" class=\"elementor-button-link elementor-button elementor-size-sm\" role=\"button\">\n\t\t\t\t\t\t<span class=\"elementor-button-content-wrapper\">\n\t\t\t\t\t\t\t<span class=\"elementor-button-icon elementor-align-icon-left\">\n\t\t\t\t<i aria-hidden=\"true\" class=\"fas fa-chevron-left\"><\/i>\t\t\t<\/span>\n\t\t\t\t\t\t<span class=\"elementor-button-text\">R\u00e9servez votre op\u00e9ration d\u00e8s maintenant<\/span>\n\t\t<\/span>\n\t\t\t\t\t<\/a>\n\t\t<\/div>\n\t\t\t\t<\/div>\n\t\t\t\t<\/div>\n\t\t\t\t\t<\/div>\n\t\t<\/div>\n\t\t\t\t\t\t\t<\/div>\n\t\t<\/section>\n\t\t\t\t\t<\/div>\n\t\t<\/div>\n\t\t\t\t\t\t\t<\/div>\n\t\t<\/section>\n\t\t\t\t\t\t\t<\/div>\n\t\t","protected":false},"excerpt":{"rendered":"<p>Technique de greffe de cheveux Al Sapphire La technique du Al Sapphire commence \u00e0 s&rsquo;exprimer comme une technologie tr\u00e8s diff\u00e9rente, gr\u00e2ce \u00e0 la petite pierre de Al Sapphire pointue, qui repose principalement sur la pointe d&rsquo;un stylo tr\u00e8s d\u00e9licat. Les m\u00eames caract\u00e9ristiques et les m\u00eames prix, et c&rsquo;est peut-\u00eatre la raison pour laquelle le patient &hellip;<\/p>\n<p class=\"read-more\"> <a class=\"\" href=\"https:\/\/alsafirhc.com\/fr\/greffe-de-cheveux\/technique-de-greffe-de-cheveux-al-sapphire\/\"> <span class=\"screen-reader-text\">Technique de greffe de cheveux Al Sapphire<\/span> Lire la suite\u00a0\u00bb<\/a><\/p>\n","protected":false},"author":2,"featured_media":0,"parent":2440,"menu_order":0,"comment_status":"closed","ping_status":"closed","template":"","meta":{"_coblocks_attr":"","_coblocks_dimensions":"","_coblocks_responsive_height":"","_coblocks_accordion_ie_support":"","om_disable_all_campaigns":false,"_mi_skip_tracking":false,"site-sidebar-layout":"no-sidebar","site-content-layout":"page-builder","ast-global-header-display":"","ast-main-header-display":"","ast-hfb-above-header-display":"","ast-hfb-below-header-display":"","ast-hfb-mobile-header-display":"","site-post-title":"disabled","ast-breadcrumbs-content":"","ast-featured-img":"disabled","footer-sml-layout":"","theme-transparent-header-meta":"default","adv-header-id-meta":"","stick-header-meta":"","header-above-stick-meta":"","header-main-stick-meta":"","header-below-stick-meta":""},"aioseo_notices":[],"_links":{"self":[{"href":"https:\/\/alsafirhc.com\/fr\/wp-json\/wp\/v2\/pages\/2468"}],"collection":[{"href":"https:\/\/alsafirhc.com\/fr\/wp-json\/wp\/v2\/pages"}],"about":[{"href":"https:\/\/alsafirhc.com\/fr\/wp-json\/wp\/v2\/types\/page"}],"author":[{"embeddable":true,"href":"https:\/\/alsafirhc.com\/fr\/wp-json\/wp\/v2\/users\/2"}],"replies":[{"embeddable":true,"href":"https:\/\/alsafirhc.com\/fr\/wp-json\/wp\/v2\/comments?post=2468"}],"version-history":[{"count":0,"href":"https:\/\/alsafirhc.com\/fr\/wp-json\/wp\/v2\/pages\/2468\/revisions"}],"up":[{"embeddable":true,"href":"https:\/\/alsafirhc.com\/fr\/wp-json\/wp\/v2\/pages\/2440"}],"wp:attachment":[{"href":"https:\/\/alsafirhc.com\/fr\/wp-json\/wp\/v2\/media?parent=2468"}],"curies":[{"name":"wp","href":"https:\/\/api.w.org\/{rel}","templated":true}]}}